{"id":35,"date":"2024-01-31T23:22:04","date_gmt":"2024-01-31T22:22:04","guid":{"rendered":"https:\/\/zsm1.bydgoszcz.pl\/strony\/tme\/?page_id=35"},"modified":"2025-10-05T16:48:32","modified_gmt":"2025-10-05T14:48:32","slug":"dokumenty","status":"publish","type":"page","link":"https:\/\/zsm1.bydgoszcz.pl\/strony\/tme\/dokumenty\/","title":{"rendered":"Dokumenty"},"content":{"rendered":"\n<div class=\"wp-block-file\"><a id=\"wp-block-file--media-b65df7a3-bdf2-4508-9bff-940ccc6dffa1\" href=\"https:\/\/zsm1.bydgoszcz.pl\/strony\/tme\/wp-content\/uploads\/2024\/01\/STATUT-SASZSMNr1_obowiazujacyA5.doc\">STATUT obowi\u0105zujacy<\/a><a href=\"https:\/\/zsm1.bydgoszcz.pl\/strony\/tme\/wp-content\/uploads\/2024\/01\/STATUT-SASZSMNr1_obowiazujacyA5.doc\" class=\"wp-block-file__button wp-element-button\" download aria-describedby=\"wp-block-file--media-b65df7a3-bdf2-4508-9bff-940ccc6dffa1\">Pobierz<\/a><\/div>\n\n\n\n<div class=\"wp-block-file\"><a id=\"wp-block-file--media-540c0f12-83f3-4fa1-ac3d-15b03e7dbb4d\" href=\"https:\/\/zsm1.bydgoszcz.pl\/strony\/tme\/wp-content\/uploads\/2025\/04\/Deklaracja-czlonkowska-jn.doc\">Deklaracja cz\u0142onkowska<\/a><a href=\"https:\/\/zsm1.bydgoszcz.pl\/strony\/tme\/wp-content\/uploads\/2025\/04\/Deklaracja-czlonkowska-jn.doc\" class=\"wp-block-file__button wp-element-button\" download aria-describedby=\"wp-block-file--media-540c0f12-83f3-4fa1-ac3d-15b03e7dbb4d\">Pobierz<\/a><\/div>\n\n\n\n<div class=\"wp-block-file\"><a id=\"wp-block-file--media-b046c2e0-d52f-4935-84c7-b2d7b891cd7e\" href=\"https:\/\/zsm1.bydgoszcz.pl\/strony\/tme\/wp-content\/uploads\/2025\/10\/ProtZarz_23092025.pdf\">Protok\u00f3\u0142 Zarz\u0105du 23092025<\/a><a href=\"https:\/\/zsm1.bydgoszcz.pl\/strony\/tme\/wp-content\/uploads\/2025\/10\/ProtZarz_23092025.pdf\" class=\"wp-block-file__button wp-element-button\" download aria-describedby=\"wp-block-file--media-b046c2e0-d52f-4935-84c7-b2d7b891cd7e\">Pobierz<\/a><\/div>\n\n\n\n<p><\/p>\n","protected":false},"excerpt":{"rendered":"","protected":false},"author":1,"featured_media":0,"parent":0,"menu_order":0,"comment_status":"closed","ping_status":"closed","template":"","meta":{"_uag_custom_page_level_css":"","site-sidebar-layout":"default","site-content-layout":"","ast-site-content-layout":"default","site-content-style":"default","site-sidebar-style":"default","ast-global-header-display":"","ast-banner-title-visibility":"","ast-main-header-display":"","ast-hfb-above-header-display":"","ast-hfb-below-header-display":"","ast-hfb-mobile-header-display":"","site-post-title":"","ast-breadcrumbs-content":"","ast-featured-img":"","footer-sml-layout":"","theme-transparent-header-meta":"","adv-header-id-meta":"","stick-header-meta":"","header-above-stick-meta":"","header-main-stick-meta":"","header-below-stick-meta":"","astra-migrate-meta-layouts":"default","ast-page-background-enabled":"default","ast-page-background-meta":{"desktop":{"background-color":"var(--ast-global-color-4)","background-image":"","background-repeat":"repeat","background-position":"center center","background-size":"auto","background-attachment":"scroll","background-type":"","background-media":"","overlay-type":"","overlay-color":"","overlay-opacity":"","overlay-gradient":""},"tablet":{"background-color":"","background-image":"","background-repeat":"repeat","background-position":"center center","background-size":"auto","background-attachment":"scroll","background-type":"","background-media":"","overlay-type":"","overlay-color":"","overlay-opacity":"","overlay-gradient":""},"mobile":{"background-color":"","background-image":"","background-repeat":"repeat","background-position":"center center","background-size":"auto","background-attachment":"scroll","background-type":"","background-media":"","overlay-type":"","overlay-color":"","overlay-opacity":"","overlay-gradient":""}},"ast-content-background-meta":{"desktop":{"background-color":"var(--ast-global-color-5)","background-image":"","background-repeat":"repeat","background-position":"center center","background-size":"auto","background-attachment":"scroll","background-type":"","background-media":"","overlay-type":"","overlay-color":"","overlay-opacity":"","overlay-gradient":""},"tablet":{"background-color":"var(--ast-global-color-5)","background-image":"","background-repeat":"repeat","background-position":"center center","background-size":"auto","background-attachment":"scroll","background-type":"","background-media":"","overlay-type":"","overlay-color":"","overlay-opacity":"","overlay-gradient":""},"mobile":{"background-color":"var(--ast-global-color-5)","background-image":"","background-repeat":"repeat","background-position":"center center","background-size":"auto","background-attachment":"scroll","background-type":"","background-media":"","overlay-type":"","overlay-color":"","overlay-opacity":"","overlay-gradient":""}},"footnotes":"","_wp_rev_ctl_limit":""},"class_list":["post-35","page","type-page","status-publish","hentry"],"uagb_featured_image_src":{"full":false,"thumbnail":false,"medium":false,"medium_large":false,"large":false,"1536x1536":false,"2048x2048":false},"uagb_author_info":{"display_name":"admin","author_link":"https:\/\/zsm1.bydgoszcz.pl\/strony\/tme\/author\/admin\/"},"uagb_comment_info":0,"uagb_excerpt":null,"_links":{"self":[{"href":"https:\/\/zsm1.bydgoszcz.pl\/strony\/tme\/wp-json\/wp\/v2\/pages\/35","targetHints":{"allow":["GET"]}}],"collection":[{"href":"https:\/\/zsm1.bydgoszcz.pl\/strony\/tme\/wp-json\/wp\/v2\/pages"}],"about":[{"href":"https:\/\/zsm1.bydgoszcz.pl\/strony\/tme\/wp-json\/wp\/v2\/types\/page"}],"author":[{"embeddable":true,"href":"https:\/\/zsm1.bydgoszcz.pl\/strony\/tme\/wp-json\/wp\/v2\/users\/1"}],"replies":[{"embeddable":true,"href":"https:\/\/zsm1.bydgoszcz.pl\/strony\/tme\/wp-json\/wp\/v2\/comments?post=35"}],"version-history":[{"count":2,"href":"https:\/\/zsm1.bydgoszcz.pl\/strony\/tme\/wp-json\/wp\/v2\/pages\/35\/revisions"}],"predecessor-version":[{"id":1170,"href":"https:\/\/zsm1.bydgoszcz.pl\/strony\/tme\/wp-json\/wp\/v2\/pages\/35\/revisions\/1170"}],"wp:attachment":[{"href":"https:\/\/zsm1.bydgoszcz.pl\/strony\/tme\/wp-json\/wp\/v2\/media?parent=35"}],"curies":[{"name":"wp","href":"https:\/\/api.w.org\/{rel}","templated":true}]}}