{"id":33,"date":"2024-01-31T23:20:30","date_gmt":"2024-01-31T22:20:30","guid":{"rendered":"https:\/\/zsm1.bydgoszcz.pl\/strony\/tme\/?page_id=33"},"modified":"2025-10-26T17:12:39","modified_gmt":"2025-10-26T16:12:39","slug":"wladze-stowarzyszenia","status":"publish","type":"page","link":"https:\/\/zsm1.bydgoszcz.pl\/strony\/tme\/wladze-stowarzyszenia\/","title":{"rendered":"O nas"},"content":{"rendered":"\n<p><strong>e-mail: \u00a0stowarzyszenie@zsm1.bydgoszcz.pl<\/strong><\/p>\n\n\n\n<p><strong>Zarz\u0105d:<\/strong><br>Prezes Zarz\u0105du &#8211;&nbsp;Janusz Nowastowski<br>Wiceprezes Zarz\u0105du &#8211;&nbsp;Marek Jeleniewski<br>Sekretarz Zarz\u0105du &#8211;&nbsp;Andrzej D\u0105browski<br>Skarbnik &#8211;&nbsp;Tomasz Warda<br>Zast\u0119pca Skarbnika &#8211;&nbsp;Czes\u0142aw Maniewski<\/p>\n\n\n\n<p><strong>Cz\u0142onkowie Zarz\u0105du<\/strong>: Ewa Ankiewicz-Jasi\u0144ska, Tadeusz Kaczmarek, Adam Tomy\u015blak<\/p>\n\n\n\n<p><strong>Komisja Rewizyjna:<\/strong><br>Przewodnicz\u0105cy Komisji &#8211; Ryszard \u015aledzi\u0144ski<br>Cz\u0142onkowie Komisji: Grzegorz Bartoszek, Jan Kaczmarek, Miros\u0142aw Pytel<\/p>\n\n\n\n<p><strong>Konto:&nbsp;&nbsp;&nbsp;&nbsp; BNP Paribas \u2013 62 1750 0012 0000 0000 3146 3459<br>Stowarzyszenie Absolwent\u00f3w TME i ZSM nr 1 w Bydgoszczy<\/strong><\/p>\n\n\n\n<p>W tytule wpisujemy odpowiednio:<br>\u201eSk\u0142adka cz\u0142onkowska\u201d lub \u201eDarowizna na cele statutowe\u201d<\/p>\n\n\n\n<p><\/p>\n","protected":false},"excerpt":{"rendered":"<p>e-mail: \u00a0stowarzyszenie@zsm1.bydgoszcz.pl Zarz\u0105d:Prezes Zarz\u0105du &#8211;&nbsp;Janusz NowastowskiWiceprezes Zarz\u0105du &#8211;&nbsp;Marek JeleniewskiSekretarz Zarz\u0105du &#8211;&nbsp;Andrzej D\u0105browskiSkarbnik &#8211;&nbsp;Tomasz WardaZast\u0119pca Skarbnika &#8211;&nbsp;Czes\u0142aw Maniewski Cz\u0142onkowie Zarz\u0105du: Ewa Ankiewicz-Jasi\u0144ska, Tadeusz Kaczmarek, Adam Tomy\u015blak Komisja Rewizyjna:Przewodnicz\u0105cy Komisji &#8211; Ryszard \u015aledzi\u0144skiCz\u0142onkowie Komisji: Grzegorz Bartoszek, Jan Kaczmarek, Miros\u0142aw Pytel Konto:&nbsp;&nbsp;&nbsp;&nbsp; BNP Paribas \u2013 62 1750 0012 0000 0000 3146 3459Stowarzyszenie Absolwent\u00f3w TME i ZSM nr 1 [&hellip;]<\/p>\n","protected":false},"author":1,"featured_media":0,"parent":0,"menu_order":0,"comment_status":"closed","ping_status":"closed","template":"","meta":{"_uag_custom_page_level_css":"","site-sidebar-layout":"default","site-content-layout":"","ast-site-content-layout":"default","site-content-style":"default","site-sidebar-style":"default","ast-global-header-display":"","ast-banner-title-visibility":"","ast-main-header-display":"","ast-hfb-above-header-display":"","ast-hfb-below-header-display":"","ast-hfb-mobile-header-display":"","site-post-title":"","ast-breadcrumbs-content":"","ast-featured-img":"","footer-sml-layout":"","theme-transparent-header-meta":"","adv-header-id-meta":"","stick-header-meta":"","header-above-stick-meta":"","header-main-stick-meta":"","header-below-stick-meta":"","astra-migrate-meta-layouts":"default","ast-page-background-enabled":"default","ast-page-background-meta":{"desktop":{"background-color":"var(--ast-global-color-4)","background-image":"","background-repeat":"repeat","background-position":"center center","background-size":"auto","background-attachment":"scroll","background-type":"","background-media":"","overlay-type":"","overlay-color":"","overlay-opacity":"","overlay-gradient":""},"tablet":{"background-color":"","background-image":"","background-repeat":"repeat","background-position":"center center","background-size":"auto","background-attachment":"scroll","background-type":"","background-media":"","overlay-type":"","overlay-color":"","overlay-opacity":"","overlay-gradient":""},"mobile":{"background-color":"","background-image":"","background-repeat":"repeat","background-position":"center center","background-size":"auto","background-attachment":"scroll","background-type":"","background-media":"","overlay-type":"","overlay-color":"","overlay-opacity":"","overlay-gradient":""}},"ast-content-background-meta":{"desktop":{"background-color":"var(--ast-global-color-5)","background-image":"","background-repeat":"repeat","background-position":"center center","background-size":"auto","background-attachment":"scroll","background-type":"","background-media":"","overlay-type":"","overlay-color":"","overlay-opacity":"","overlay-gradient":""},"tablet":{"background-color":"var(--ast-global-color-5)","background-image":"","background-repeat":"repeat","background-position":"center center","background-size":"auto","background-attachment":"scroll","background-type":"","background-media":"","overlay-type":"","overlay-color":"","overlay-opacity":"","overlay-gradient":""},"mobile":{"background-color":"var(--ast-global-color-5)","background-image":"","background-repeat":"repeat","background-position":"center center","background-size":"auto","background-attachment":"scroll","background-type":"","background-media":"","overlay-type":"","overlay-color":"","overlay-opacity":"","overlay-gradient":""}},"footnotes":"","_wp_rev_ctl_limit":""},"class_list":["post-33","page","type-page","status-publish","hentry"],"uagb_featured_image_src":{"full":false,"thumbnail":false,"medium":false,"medium_large":false,"large":false,"1536x1536":false,"2048x2048":false},"uagb_author_info":{"display_name":"admin","author_link":"https:\/\/zsm1.bydgoszcz.pl\/strony\/tme\/author\/admin\/"},"uagb_comment_info":0,"uagb_excerpt":"e-mail: \u00a0stowarzyszenie@zsm1.bydgoszcz.pl Zarz\u0105d:Prezes Zarz\u0105du &#8211;&nbsp;Janusz NowastowskiWiceprezes Zarz\u0105du &#8211;&nbsp;Marek JeleniewskiSekretarz Zarz\u0105du &#8211;&nbsp;Andrzej D\u0105browskiSkarbnik &#8211;&nbsp;Tomasz WardaZast\u0119pca Skarbnika &#8211;&nbsp;Czes\u0142aw Maniewski Cz\u0142onkowie Zarz\u0105du: Ewa Ankiewicz-Jasi\u0144ska, Tadeusz Kaczmarek, Adam Tomy\u015blak Komisja Rewizyjna:Przewodnicz\u0105cy Komisji &#8211; Ryszard \u015aledzi\u0144skiCz\u0142onkowie Komisji: Grzegorz Bartoszek, Jan Kaczmarek, Miros\u0142aw Pytel Konto:&nbsp;&nbsp;&nbsp;&nbsp; BNP Paribas \u2013 62 1750 0012 0000 0000 3146 3459Stowarzyszenie Absolwent\u00f3w TME i ZSM nr 1&hellip;","_links":{"self":[{"href":"https:\/\/zsm1.bydgoszcz.pl\/strony\/tme\/wp-json\/wp\/v2\/pages\/33","targetHints":{"allow":["GET"]}}],"collection":[{"href":"https:\/\/zsm1.bydgoszcz.pl\/strony\/tme\/wp-json\/wp\/v2\/pages"}],"about":[{"href":"https:\/\/zsm1.bydgoszcz.pl\/strony\/tme\/wp-json\/wp\/v2\/types\/page"}],"author":[{"embeddable":true,"href":"https:\/\/zsm1.bydgoszcz.pl\/strony\/tme\/wp-json\/wp\/v2\/users\/1"}],"replies":[{"embeddable":true,"href":"https:\/\/zsm1.bydgoszcz.pl\/strony\/tme\/wp-json\/wp\/v2\/comments?post=33"}],"version-history":[{"count":2,"href":"https:\/\/zsm1.bydgoszcz.pl\/strony\/tme\/wp-json\/wp\/v2\/pages\/33\/revisions"}],"predecessor-version":[{"id":1208,"href":"https:\/\/zsm1.bydgoszcz.pl\/strony\/tme\/wp-json\/wp\/v2\/pages\/33\/revisions\/1208"}],"wp:attachment":[{"href":"https:\/\/zsm1.bydgoszcz.pl\/strony\/tme\/wp-json\/wp\/v2\/media?parent=33"}],"curies":[{"name":"wp","href":"https:\/\/api.w.org\/{rel}","templated":true}]}}