{"id":135,"date":"2024-03-05T11:55:23","date_gmt":"2024-03-05T10:55:23","guid":{"rendered":"https:\/\/zsm1.bydgoszcz.pl\/strony\/tme\/?page_id=135"},"modified":"2025-03-10T14:44:14","modified_gmt":"2025-03-10T13:44:14","slug":"turystyka","status":"publish","type":"page","link":"https:\/\/zsm1.bydgoszcz.pl\/strony\/tme\/turystyka\/","title":{"rendered":"Turystyka"},"content":{"rendered":"\n<div class=\"wp-block-uagb-container uagb-block-d3be2771 alignwide uagb-is-root-container\">\n<p class=\"has-text-align-center has-medium-font-size\" style=\"margin-top:0;margin-right:0;margin-bottom:0;margin-left:0\">Zdj\u0119cia z roku 1982<\/p>\n<a class=\"spectra-container-link-overlay\" rel=\"noopener\" href=\"https:\/\/zsm1.bydgoszcz.pl\/strony\/tme\/_galeria-1982\/\"> <\/a><\/div>\n\n\n\n<div class=\"wp-block-uagb-container uagb-block-606124c6 alignwide uagb-is-root-container\">\n<p class=\"has-text-align-center has-medium-font-size\" style=\"margin-top:0;margin-right:0;margin-bottom:0;margin-left:0\">Zdj\u0119cia z roku 1983<\/p>\n<a class=\"spectra-container-link-overlay\" rel=\"noopener\" href=\"https:\/\/zsm1.bydgoszcz.pl\/strony\/tme\/_galeria-1983\/\"> <\/a><\/div>\n\n\n\n<div class=\"wp-block-uagb-container uagb-block-005e2568 alignwide uagb-is-root-container\">\n<p class=\"has-text-align-center has-medium-font-size\" style=\"margin-top:0;margin-right:0;margin-bottom:0;margin-left:0\">Zdj\u0119cia z roku 1984<\/p>\n<a class=\"spectra-container-link-overlay\" rel=\"noopener\" href=\"https:\/\/zsm1.bydgoszcz.pl\/strony\/tme\/_galeria-1984\/\"> <\/a><\/div>\n\n\n\n<div class=\"wp-block-uagb-container uagb-block-3eec4e05 alignwide uagb-is-root-container\">\n<p class=\"has-text-align-center has-medium-font-size\" style=\"margin-top:0;margin-right:0;margin-bottom:0;margin-left:0\">Zdj\u0119cia z roku 1985<\/p>\n<a class=\"spectra-container-link-overlay\" rel=\"noopener\" href=\"https:\/\/zsm1.bydgoszcz.pl\/strony\/tme\/_galeria-1985\/\"> <\/a><\/div>\n\n\n\n<div class=\"wp-block-uagb-container uagb-block-b13e4b9e alignwide uagb-is-root-container\">\n<p class=\"has-text-align-center has-medium-font-size\" style=\"margin-top:0;margin-right:0;margin-bottom:0;margin-left:0\">Kronika TKKF 1982-1984<\/p>\n<a class=\"spectra-container-link-overlay\" rel=\"noopener\" href=\"https:\/\/zsm1.bydgoszcz.pl\/strony\/tme\/_kronika_tkkf_1982-84\/\"> <\/a><\/div>\n\n\n\n<div class=\"wp-block-uagb-container uagb-block-b120a68d alignwide uagb-is-root-container\">\n<p class=\"has-text-align-center has-medium-font-size\" style=\"margin-top:0;margin-right:0;margin-bottom:0;margin-left:0\">Kronika TKKF 1984-1987<\/p>\n<a class=\"spectra-container-link-overlay\" rel=\"noopener\" href=\"https:\/\/zsm1.bydgoszcz.pl\/strony\/tme\/_kronika-tkkf-1984-87\/\"> <\/a><\/div>\n\n\n\n<div class=\"wp-block-uagb-container uagb-block-530f48e4 alignwide uagb-is-root-container\">\n<p class=\"has-text-align-center has-medium-font-size\" style=\"margin-top:0;margin-right:0;margin-bottom:0;margin-left:0\">Kronika TKKF 1987-1989<\/p>\n<a class=\"spectra-container-link-overlay\" rel=\"noopener\" href=\"https:\/\/zsm1.bydgoszcz.pl\/strony\/tme\/_kronika-tkkf-1987-89\/\"> <\/a><\/div>\n","protected":false},"excerpt":{"rendered":"<p>Zdj\u0119cia z roku 1982 Zdj\u0119cia z roku 1983 Zdj\u0119cia z roku 1984 Zdj\u0119cia z roku 1985 Kronika TKKF 1982-1984 Kronika TKKF 1984-1987 Kronika TKKF 1987-1989<\/p>\n","protected":false},"author":1,"featured_media":0,"parent":0,"menu_order":0,"comment_status":"closed","ping_status":"closed","template":"","meta":{"_uag_custom_page_level_css":"","site-sidebar-layout":"default","site-content-layout":"","ast-site-content-layout":"default","site-content-style":"default","site-sidebar-style":"default","ast-global-header-display":"","ast-banner-title-visibility":"","ast-main-header-display":"","ast-hfb-above-header-display":"","ast-hfb-below-header-display":"","ast-hfb-mobile-header-display":"","site-post-title":"","ast-breadcrumbs-content":"","ast-featured-img":"","footer-sml-layout":"","theme-transparent-header-meta":"","adv-header-id-meta":"","stick-header-meta":"","header-above-stick-meta":"","header-main-stick-meta":"","header-below-stick-meta":"","astra-migrate-meta-layouts":"default","ast-page-background-enabled":"default","ast-page-background-meta":{"desktop":{"background-color":"var(--ast-global-color-4)","background-image":"","background-repeat":"repeat","background-position":"center center","background-size":"auto","background-attachment":"scroll","background-type":"","background-media":"","overlay-type":"","overlay-color":"","overlay-opacity":"","overlay-gradient":""},"tablet":{"background-color":"","background-image":"","background-repeat":"repeat","background-position":"center center","background-size":"auto","background-attachment":"scroll","background-type":"","background-media":"","overlay-type":"","overlay-color":"","overlay-opacity":"","overlay-gradient":""},"mobile":{"background-color":"","background-image":"","background-repeat":"repeat","background-position":"center center","background-size":"auto","background-attachment":"scroll","background-type":"","background-media":"","overlay-type":"","overlay-color":"","overlay-opacity":"","overlay-gradient":""}},"ast-content-background-meta":{"desktop":{"background-color":"var(--ast-global-color-5)","background-image":"","background-repeat":"repeat","background-position":"center center","background-size":"auto","background-attachment":"scroll","background-type":"","background-media":"","overlay-type":"","overlay-color":"","overlay-opacity":"","overlay-gradient":""},"tablet":{"background-color":"var(--ast-global-color-5)","background-image":"","background-repeat":"repeat","background-position":"center center","background-size":"auto","background-attachment":"scroll","background-type":"","background-media":"","overlay-type":"","overlay-color":"","overlay-opacity":"","overlay-gradient":""},"mobile":{"background-color":"var(--ast-global-color-5)","background-image":"","background-repeat":"repeat","background-position":"center center","background-size":"auto","background-attachment":"scroll","background-type":"","background-media":"","overlay-type":"","overlay-color":"","overlay-opacity":"","overlay-gradient":""}},"footnotes":"","_wp_rev_ctl_limit":""},"class_list":["post-135","page","type-page","status-publish","hentry"],"uagb_featured_image_src":{"full":false,"thumbnail":false,"medium":false,"medium_large":false,"large":false,"1536x1536":false,"2048x2048":false},"uagb_author_info":{"display_name":"admin","author_link":"https:\/\/zsm1.bydgoszcz.pl\/strony\/tme\/author\/admin\/"},"uagb_comment_info":0,"uagb_excerpt":"Zdj\u0119cia z roku 1982 Zdj\u0119cia z roku 1983 Zdj\u0119cia z roku 1984 Zdj\u0119cia z roku 1985 Kronika TKKF 1982-1984 Kronika TKKF 1984-1987 Kronika TKKF 1987-1989","_links":{"self":[{"href":"https:\/\/zsm1.bydgoszcz.pl\/strony\/tme\/wp-json\/wp\/v2\/pages\/135","targetHints":{"allow":["GET"]}}],"collection":[{"href":"https:\/\/zsm1.bydgoszcz.pl\/strony\/tme\/wp-json\/wp\/v2\/pages"}],"about":[{"href":"https:\/\/zsm1.bydgoszcz.pl\/strony\/tme\/wp-json\/wp\/v2\/types\/page"}],"author":[{"embeddable":true,"href":"https:\/\/zsm1.bydgoszcz.pl\/strony\/tme\/wp-json\/wp\/v2\/users\/1"}],"replies":[{"embeddable":true,"href":"https:\/\/zsm1.bydgoszcz.pl\/strony\/tme\/wp-json\/wp\/v2\/comments?post=135"}],"version-history":[{"count":3,"href":"https:\/\/zsm1.bydgoszcz.pl\/strony\/tme\/wp-json\/wp\/v2\/pages\/135\/revisions"}],"predecessor-version":[{"id":1147,"href":"https:\/\/zsm1.bydgoszcz.pl\/strony\/tme\/wp-json\/wp\/v2\/pages\/135\/revisions\/1147"}],"wp:attachment":[{"href":"https:\/\/zsm1.bydgoszcz.pl\/strony\/tme\/wp-json\/wp\/v2\/media?parent=135"}],"curies":[{"name":"wp","href":"https:\/\/api.w.org\/{rel}","templated":true}]}}